{"id":108,"date":"2024-12-14T12:28:25","date_gmt":"2024-12-14T12:28:25","guid":{"rendered":"https:\/\/www.grazianiviaggi.com\/?page_id=108"},"modified":"2025-01-04T11:25:01","modified_gmt":"2025-01-04T11:25:01","slug":"trasferimenti-europei","status":"publish","type":"page","link":"https:\/\/www.grazianiviaggi.com\/de\/trasferimenti-europei\/","title":{"rendered":"Europ\u00e4ische Transfers"},"content":{"rendered":"<div data-elementor-type=\"wp-page\" data-elementor-id=\"108\" class=\"elementor elementor-108\" data-elementor-post-type=\"page\">\n\t\t\t\t<div class=\"elementor-element elementor-element-da81608 e-flex e-con-boxed e-con e-parent\" data-id=\"da81608\" data-element_type=\"container\" data-settings=\"{&quot;background_background&quot;:&quot;classic&quot;}\">\n\t\t\t\t\t<div class=\"e-con-inner\">\n\t\t\t\t<div class=\"elementor-element elementor-element-69557db elementor-widget elementor-widget-heading\" data-id=\"69557db\" data-element_type=\"widget\" data-widget_type=\"heading.default\">\n\t\t\t\t<div class=\"elementor-widget-container\">\n\t\t\t\t\t<h1 class=\"elementor-heading-title elementor-size-default\">Dienstleistungen<\/h1>\t\t\t\t<\/div>\n\t\t\t\t<\/div>\n\t\t\t\t\t<\/div>\n\t\t\t\t<\/div>\n\t\t<div class=\"elementor-element elementor-element-6cd78ee e-flex e-con-boxed e-con e-parent\" data-id=\"6cd78ee\" data-element_type=\"container\">\n\t\t\t\t\t<div class=\"e-con-inner\">\n\t\t<div class=\"elementor-element elementor-element-8ced4bf e-grid e-con-full e-con e-child\" data-id=\"8ced4bf\" data-element_type=\"container\">\n\t\t<div class=\"elementor-element elementor-element-acb4fc5 e-con-full e-flex e-con e-child\" data-id=\"acb4fc5\" data-element_type=\"container\">\n\t\t<div class=\"elementor-element elementor-element-185d6b2 e-con-full e-flex e-con e-child\" data-id=\"185d6b2\" data-element_type=\"container\" data-settings=\"{&quot;background_background&quot;:&quot;classic&quot;,&quot;sticky&quot;:&quot;top&quot;,&quot;sticky_offset&quot;:100,&quot;sticky_parent&quot;:&quot;yes&quot;,&quot;sticky_on&quot;:[&quot;desktop&quot;,&quot;tablet&quot;,&quot;mobile&quot;],&quot;sticky_effects_offset&quot;:0,&quot;sticky_anchor_link_offset&quot;:0}\">\n\t\t<div class=\"elementor-element elementor-element-e2d9a7e e-con-full e-flex e-con e-child\" data-id=\"e2d9a7e\" data-element_type=\"container\">\n\t\t\t\t<div class=\"elementor-element elementor-element-61b3114 elementor-widget elementor-widget-heading\" data-id=\"61b3114\" data-element_type=\"widget\" data-widget_type=\"heading.default\">\n\t\t\t\t<div class=\"elementor-widget-container\">\n\t\t\t\t\t<h3 class=\"elementor-heading-title elementor-size-default\">I nostri servizi<\/h3>\t\t\t\t<\/div>\n\t\t\t\t<\/div>\n\t\t<div class=\"elementor-element elementor-element-c4bdd7c e-con-full e-flex e-con e-child\" data-id=\"c4bdd7c\" data-element_type=\"container\">\n\t\t\t\t<div class=\"elementor-element elementor-element-95011c3 elementor-widget elementor-widget-text-editor\" data-id=\"95011c3\" data-element_type=\"widget\" data-widget_type=\"text-editor.default\">\n\t\t\t\t<div class=\"elementor-widget-container\">\n\t\t\t\t\t\t\t\t\t<p><a href=\"\/de\/tour-nazionali\/\">Nationale Touren<\/a><\/p>\t\t\t\t\t\t\t\t<\/div>\n\t\t\t\t<\/div>\n\t\t\t\t<div class=\"elementor-element elementor-element-0dfea13 elementor-widget-divider--view-line elementor-widget elementor-widget-divider\" data-id=\"0dfea13\" data-element_type=\"widget\" data-widget_type=\"divider.default\">\n\t\t\t\t<div class=\"elementor-widget-container\">\n\t\t\t\t\t\t\t<div class=\"elementor-divider\">\n\t\t\t<span class=\"elementor-divider-separator\">\n\t\t\t\t\t\t<\/span>\n\t\t<\/div>\n\t\t\t\t\t\t<\/div>\n\t\t\t\t<\/div>\n\t\t\t\t<div class=\"elementor-element elementor-element-bd7cd37 elementor-icon-list--layout-traditional elementor-list-item-link-full_width elementor-widget elementor-widget-icon-list\" data-id=\"bd7cd37\" data-element_type=\"widget\" data-widget_type=\"icon-list.default\">\n\t\t\t\t<div class=\"elementor-widget-container\">\n\t\t\t\t\t\t\t<ul class=\"elementor-icon-list-items\">\n\t\t\t\t\t\t\t<li class=\"elementor-icon-list-item\">\n\t\t\t\t\t\t\t\t\t\t\t<a href=\"\/de\/trasferimenti-europei\/\">\n\n\t\t\t\t\t\t\t\t\t\t\t\t<span class=\"elementor-icon-list-icon\">\n\t\t\t\t\t\t\t<svg xmlns=\"http:\/\/www.w3.org\/2000\/svg\" width=\"10\" height=\"16\" viewbox=\"0 0 10 16\" fill=\"none\"><path fill-rule=\"evenodd\" clip-rule=\"evenodd\" d=\"M0 14.6666C0 15.2059 0.324851 15.6921 0.823088 15.8985C1.32131 16.1049 1.8948 15.9907 2.27612 15.6094L8.94274 8.94278C9.4634 8.42212 9.4634 7.57786 8.94274 7.05719L2.27612 0.390558C1.8948 0.00922729 1.32131 -0.104839 0.823088 0.101533C0.324851 0.307905 0 0.794089 0 1.33336V14.6666Z\" fill=\"#F4C102\"><\/path><\/svg>\t\t\t\t\t\t<\/span>\n\t\t\t\t\t\t\t\t\t\t<span class=\"elementor-icon-list-text\">Europ\u00e4ische Transfers<\/span>\n\t\t\t\t\t\t\t\t\t\t\t<\/a>\n\t\t\t\t\t\t\t\t\t<\/li>\n\t\t\t\t\t\t<\/ul>\n\t\t\t\t\t\t<\/div>\n\t\t\t\t<\/div>\n\t\t\t\t<div class=\"elementor-element elementor-element-a85e2be elementor-widget-divider--view-line elementor-widget elementor-widget-divider\" data-id=\"a85e2be\" data-element_type=\"widget\" data-widget_type=\"divider.default\">\n\t\t\t\t<div class=\"elementor-widget-container\">\n\t\t\t\t\t\t\t<div class=\"elementor-divider\">\n\t\t\t<span class=\"elementor-divider-separator\">\n\t\t\t\t\t\t<\/span>\n\t\t<\/div>\n\t\t\t\t\t\t<\/div>\n\t\t\t\t<\/div>\n\t\t\t\t<div class=\"elementor-element elementor-element-72eaf8e elementor-widget elementor-widget-text-editor\" data-id=\"72eaf8e\" data-element_type=\"widget\" data-widget_type=\"text-editor.default\">\n\t\t\t\t<div class=\"elementor-widget-container\">\n\t\t\t\t\t\t\t\t\t<p><a href=\"\/de\/gite-scolastiche\/\">Schulfahrten<\/a><\/p>\t\t\t\t\t\t\t\t<\/div>\n\t\t\t\t<\/div>\n\t\t\t\t<div class=\"elementor-element elementor-element-5185ba4 elementor-widget-divider--view-line elementor-widget elementor-widget-divider\" data-id=\"5185ba4\" data-element_type=\"widget\" data-widget_type=\"divider.default\">\n\t\t\t\t<div class=\"elementor-widget-container\">\n\t\t\t\t\t\t\t<div class=\"elementor-divider\">\n\t\t\t<span class=\"elementor-divider-separator\">\n\t\t\t\t\t\t<\/span>\n\t\t<\/div>\n\t\t\t\t\t\t<\/div>\n\t\t\t\t<\/div>\n\t\t\t\t<div class=\"elementor-element elementor-element-6dd8b19 elementor-widget elementor-widget-text-editor\" data-id=\"6dd8b19\" data-element_type=\"widget\" data-widget_type=\"text-editor.default\">\n\t\t\t\t<div class=\"elementor-widget-container\">\n\t\t\t\t\t\t\t\t\t<p><a href=\"\/de\/eventi-aziendali\/\">Unternehmensveranstaltungen<\/a><\/p>\t\t\t\t\t\t\t\t<\/div>\n\t\t\t\t<\/div>\n\t\t\t\t<\/div>\n\t\t\t\t<\/div>\n\t\t\t\t<\/div>\n\t\t\t\t<\/div>\n\t\t<div class=\"elementor-element elementor-element-4cbe4c7 e-con-full e-flex e-con e-child\" data-id=\"4cbe4c7\" data-element_type=\"container\">\n\t\t\t\t<div class=\"elementor-element elementor-element-2e14852 elementor-widget elementor-widget-heading\" data-id=\"2e14852\" data-element_type=\"widget\" data-widget_type=\"heading.default\">\n\t\t\t\t<div class=\"elementor-widget-container\">\n\t\t\t\t\t<h2 class=\"elementor-heading-title elementor-size-default\">Europ\u00e4ische Transfers<\/h2>\t\t\t\t<\/div>\n\t\t\t\t<\/div>\n\t\t\t\t<div class=\"elementor-element elementor-element-2c5f4b0 elementor-widget elementor-widget-text-editor\" data-id=\"2c5f4b0\" data-element_type=\"widget\" data-widget_type=\"text-editor.default\">\n\t\t\t\t<div class=\"elementor-widget-container\">\n\t\t\t\t\t\t\t\t\t<p>Mit Graziani Viaggi wartet Europa auf dich! Wir sind berechtigt, au\u00dferhalb des italienischen Territoriums zu reisen und bieten dir einen sicheren und normgerechten internationalen Transferdienst an. Unsere Fahrer haben jahrelange Erfahrung im Fahren im Ausland und garantieren Professionalit\u00e4t und Kompetenz auf allen europ\u00e4ischen Stra\u00dfen.<\/p>\t\t\t\t\t\t\t\t<\/div>\n\t\t\t\t<\/div>\n\t\t<div class=\"elementor-element elementor-element-1079ea1 e-grid e-con-full e-con e-child\" data-id=\"1079ea1\" data-element_type=\"container\">\n\t\t<div class=\"elementor-element elementor-element-e5933fc e-con-full e-flex e-con e-child\" data-id=\"e5933fc\" data-element_type=\"container\">\n\t\t<div class=\"elementor-element elementor-element-c32bed7 e-con-full e-flex e-con e-child\" data-id=\"c32bed7\" data-element_type=\"container\" data-settings=\"{&quot;background_background&quot;:&quot;classic&quot;}\">\n\t\t\t\t<\/div>\n\t\t\t\t<\/div>\n\t\t<div class=\"elementor-element elementor-element-934c282 e-con-full e-flex e-con e-child\" data-id=\"934c282\" data-element_type=\"container\">\n\t\t<div class=\"elementor-element elementor-element-852894d e-con-full e-flex e-con e-child\" data-id=\"852894d\" data-element_type=\"container\" data-settings=\"{&quot;background_background&quot;:&quot;classic&quot;}\">\n\t\t\t\t<\/div>\n\t\t<div class=\"elementor-element elementor-element-16cd7da e-con-full e-flex e-con e-child\" data-id=\"16cd7da\" data-element_type=\"container\" data-settings=\"{&quot;background_background&quot;:&quot;classic&quot;}\">\n\t\t\t\t<\/div>\n\t\t\t\t<\/div>\n\t\t\t\t<\/div>\n\t\t\t\t<div class=\"elementor-element elementor-element-e4caa1f elementor-align-center elementor-widget elementor-widget-button\" data-id=\"e4caa1f\" data-element_type=\"widget\" data-widget_type=\"button.default\">\n\t\t\t\t<div class=\"elementor-widget-container\">\n\t\t\t\t\t\t\t\t\t<div class=\"elementor-button-wrapper\">\n\t\t\t\t\t<a class=\"elementor-button elementor-button-link elementor-size-sm\" href=\"https:\/\/prenota.grazianiviaggi.com\">\n\t\t\t\t\t\t<span class=\"elementor-button-content-wrapper\">\n\t\t\t\t\t\t\t\t\t<span class=\"elementor-button-text\">Buchen<\/span>\n\t\t\t\t\t<\/span>\n\t\t\t\t\t<\/a>\n\t\t\t\t<\/div>\n\t\t\t\t\t\t\t\t<\/div>\n\t\t\t\t<\/div>\n\t\t\t\t<\/div>\n\t\t\t\t<\/div>\n\t\t\t\t\t<\/div>\n\t\t\t\t<\/div>\n\t\t\t\t<\/div>","protected":false},"excerpt":{"rendered":"<p>Servizi I nostri servizi Tour Nazionali Trasferimenti Europei Gite Scolastiche Eventi Aziendali Trasferimenti Europei Con Graziani Viaggi l\u2019Europa ti aspetta! Siamo abilitati a viaggiare al di fuori del territorio italiano, offrendoti un servizio di trasferimento internazionale sicuro e conforme alle normative. I nostri autisti vantano anni di esperienza nella guida all\u2019estero, garantendo professionalit\u00e0 e competenza [&hellip;]<\/p>","protected":false},"author":1,"featured_media":0,"parent":0,"menu_order":0,"comment_status":"closed","ping_status":"closed","template":"","meta":{"_monsterinsights_skip_tracking":false,"_monsterinsights_sitenote_active":false,"_monsterinsights_sitenote_note":"","_monsterinsights_sitenote_category":0,"footnotes":""},"class_list":["post-108","page","type-page","status-publish","hentry"],"_links":{"self":[{"href":"https:\/\/www.grazianiviaggi.com\/de\/wp-json\/wp\/v2\/pages\/108","targetHints":{"allow":["GET"]}}],"collection":[{"href":"https:\/\/www.grazianiviaggi.com\/de\/wp-json\/wp\/v2\/pages"}],"about":[{"href":"https:\/\/www.grazianiviaggi.com\/de\/wp-json\/wp\/v2\/types\/page"}],"author":[{"embeddable":true,"href":"https:\/\/www.grazianiviaggi.com\/de\/wp-json\/wp\/v2\/users\/1"}],"replies":[{"embeddable":true,"href":"https:\/\/www.grazianiviaggi.com\/de\/wp-json\/wp\/v2\/comments?post=108"}],"version-history":[{"count":19,"href":"https:\/\/www.grazianiviaggi.com\/de\/wp-json\/wp\/v2\/pages\/108\/revisions"}],"predecessor-version":[{"id":351,"href":"https:\/\/www.grazianiviaggi.com\/de\/wp-json\/wp\/v2\/pages\/108\/revisions\/351"}],"wp:attachment":[{"href":"https:\/\/www.grazianiviaggi.com\/de\/wp-json\/wp\/v2\/media?parent=108"}],"curies":[{"name":"wp","href":"https:\/\/api.w.org\/{rel}","templated":true}]}}