{"id":158,"date":"2024-12-22T09:54:21","date_gmt":"2024-12-22T09:54:21","guid":{"rendered":"https:\/\/www.grazianiviaggi.com\/?page_id=158"},"modified":"2025-01-04T11:29:07","modified_gmt":"2025-01-04T11:29:07","slug":"eventi-aziendali","status":"publish","type":"page","link":"https:\/\/www.grazianiviaggi.com\/de\/eventi-aziendali\/","title":{"rendered":"Unternehmensveranstaltungen"},"content":{"rendered":"<div data-elementor-type=\"wp-page\" data-elementor-id=\"158\" class=\"elementor elementor-158\" data-elementor-post-type=\"page\">\n\t\t\t\t<div class=\"elementor-element elementor-element-c099ac7 e-flex e-con-boxed e-con e-parent\" data-id=\"c099ac7\" data-element_type=\"container\" data-settings=\"{&quot;background_background&quot;:&quot;classic&quot;}\">\n\t\t\t\t\t<div class=\"e-con-inner\">\n\t\t\t\t<div class=\"elementor-element elementor-element-769da77 elementor-widget elementor-widget-heading\" data-id=\"769da77\" data-element_type=\"widget\" data-widget_type=\"heading.default\">\n\t\t\t\t<div class=\"elementor-widget-container\">\n\t\t\t\t\t<h1 class=\"elementor-heading-title elementor-size-default\">Dienstleistungen<\/h1>\t\t\t\t<\/div>\n\t\t\t\t<\/div>\n\t\t\t\t\t<\/div>\n\t\t\t\t<\/div>\n\t\t<div class=\"elementor-element elementor-element-42c16c6 e-flex e-con-boxed e-con e-parent\" data-id=\"42c16c6\" data-element_type=\"container\">\n\t\t\t\t\t<div class=\"e-con-inner\">\n\t\t<div class=\"elementor-element elementor-element-9ce597f e-grid e-con-full e-con e-child\" data-id=\"9ce597f\" data-element_type=\"container\">\n\t\t<div class=\"elementor-element elementor-element-224028f e-con-full e-flex e-con e-child\" data-id=\"224028f\" data-element_type=\"container\">\n\t\t<div class=\"elementor-element elementor-element-29fe50c e-con-full e-flex e-con e-child\" data-id=\"29fe50c\" data-element_type=\"container\" data-settings=\"{&quot;background_background&quot;:&quot;classic&quot;,&quot;sticky&quot;:&quot;top&quot;,&quot;sticky_offset&quot;:100,&quot;sticky_parent&quot;:&quot;yes&quot;,&quot;sticky_on&quot;:[&quot;desktop&quot;,&quot;tablet&quot;,&quot;mobile&quot;],&quot;sticky_effects_offset&quot;:0,&quot;sticky_anchor_link_offset&quot;:0}\">\n\t\t<div class=\"elementor-element elementor-element-1b322a4 e-con-full e-flex e-con e-child\" data-id=\"1b322a4\" data-element_type=\"container\">\n\t\t\t\t<div class=\"elementor-element elementor-element-02f2be2 elementor-widget elementor-widget-heading\" data-id=\"02f2be2\" data-element_type=\"widget\" data-widget_type=\"heading.default\">\n\t\t\t\t<div class=\"elementor-widget-container\">\n\t\t\t\t\t<h3 class=\"elementor-heading-title elementor-size-default\">I nostri servizi<\/h3>\t\t\t\t<\/div>\n\t\t\t\t<\/div>\n\t\t<div class=\"elementor-element elementor-element-c7b1b6f e-con-full e-flex e-con e-child\" data-id=\"c7b1b6f\" data-element_type=\"container\">\n\t\t\t\t<div class=\"elementor-element elementor-element-b1594be elementor-widget elementor-widget-text-editor\" data-id=\"b1594be\" data-element_type=\"widget\" data-widget_type=\"text-editor.default\">\n\t\t\t\t<div class=\"elementor-widget-container\">\n\t\t\t\t\t\t\t\t\t<p><a href=\"\/de\/tour-nazionali\/\">Nationale Touren<\/a><\/p>\t\t\t\t\t\t\t\t<\/div>\n\t\t\t\t<\/div>\n\t\t\t\t<div class=\"elementor-element elementor-element-dbb4969 elementor-widget-divider--view-line elementor-widget elementor-widget-divider\" data-id=\"dbb4969\" data-element_type=\"widget\" data-widget_type=\"divider.default\">\n\t\t\t\t<div class=\"elementor-widget-container\">\n\t\t\t\t\t\t\t<div class=\"elementor-divider\">\n\t\t\t<span class=\"elementor-divider-separator\">\n\t\t\t\t\t\t<\/span>\n\t\t<\/div>\n\t\t\t\t\t\t<\/div>\n\t\t\t\t<\/div>\n\t\t\t\t<div class=\"elementor-element elementor-element-1b62f6f elementor-widget elementor-widget-text-editor\" data-id=\"1b62f6f\" data-element_type=\"widget\" data-widget_type=\"text-editor.default\">\n\t\t\t\t<div class=\"elementor-widget-container\">\n\t\t\t\t\t\t\t\t\t<p><a href=\"\/de\/trasferimenti-europei\/\">Europ\u00e4ische Transfers<\/a><\/p>\t\t\t\t\t\t\t\t<\/div>\n\t\t\t\t<\/div>\n\t\t\t\t<div class=\"elementor-element elementor-element-f5450f9 elementor-widget-divider--view-line elementor-widget elementor-widget-divider\" data-id=\"f5450f9\" data-element_type=\"widget\" data-widget_type=\"divider.default\">\n\t\t\t\t<div class=\"elementor-widget-container\">\n\t\t\t\t\t\t\t<div class=\"elementor-divider\">\n\t\t\t<span class=\"elementor-divider-separator\">\n\t\t\t\t\t\t<\/span>\n\t\t<\/div>\n\t\t\t\t\t\t<\/div>\n\t\t\t\t<\/div>\n\t\t\t\t<div class=\"elementor-element elementor-element-8cb219c elementor-widget elementor-widget-text-editor\" data-id=\"8cb219c\" data-element_type=\"widget\" data-widget_type=\"text-editor.default\">\n\t\t\t\t<div class=\"elementor-widget-container\">\n\t\t\t\t\t\t\t\t\t<p><a href=\"\/de\/gite-scolastiche\/\">Schulfahrten<\/a><\/p>\t\t\t\t\t\t\t\t<\/div>\n\t\t\t\t<\/div>\n\t\t\t\t<div class=\"elementor-element elementor-element-0aa4e6e elementor-widget-divider--view-line elementor-widget elementor-widget-divider\" data-id=\"0aa4e6e\" data-element_type=\"widget\" data-widget_type=\"divider.default\">\n\t\t\t\t<div class=\"elementor-widget-container\">\n\t\t\t\t\t\t\t<div class=\"elementor-divider\">\n\t\t\t<span class=\"elementor-divider-separator\">\n\t\t\t\t\t\t<\/span>\n\t\t<\/div>\n\t\t\t\t\t\t<\/div>\n\t\t\t\t<\/div>\n\t\t\t\t<div class=\"elementor-element elementor-element-d0b44a9 elementor-icon-list--layout-traditional elementor-list-item-link-full_width elementor-widget elementor-widget-icon-list\" data-id=\"d0b44a9\" data-element_type=\"widget\" data-widget_type=\"icon-list.default\">\n\t\t\t\t<div class=\"elementor-widget-container\">\n\t\t\t\t\t\t\t<ul class=\"elementor-icon-list-items\">\n\t\t\t\t\t\t\t<li class=\"elementor-icon-list-item\">\n\t\t\t\t\t\t\t\t\t\t\t<a href=\"\/de\/eventi-aziendali\/\">\n\n\t\t\t\t\t\t\t\t\t\t\t\t<span class=\"elementor-icon-list-icon\">\n\t\t\t\t\t\t\t<svg xmlns=\"http:\/\/www.w3.org\/2000\/svg\" width=\"10\" height=\"16\" viewbox=\"0 0 10 16\" fill=\"none\"><path fill-rule=\"evenodd\" clip-rule=\"evenodd\" d=\"M0 14.6666C0 15.2059 0.324851 15.6921 0.823088 15.8985C1.32131 16.1049 1.8948 15.9907 2.27612 15.6094L8.94274 8.94278C9.4634 8.42212 9.4634 7.57786 8.94274 7.05719L2.27612 0.390558C1.8948 0.00922729 1.32131 -0.104839 0.823088 0.101533C0.324851 0.307905 0 0.794089 0 1.33336V14.6666Z\" fill=\"#F4C102\"><\/path><\/svg>\t\t\t\t\t\t<\/span>\n\t\t\t\t\t\t\t\t\t\t<span class=\"elementor-icon-list-text\">Unternehmensveranstaltungen<\/span>\n\t\t\t\t\t\t\t\t\t\t\t<\/a>\n\t\t\t\t\t\t\t\t\t<\/li>\n\t\t\t\t\t\t<\/ul>\n\t\t\t\t\t\t<\/div>\n\t\t\t\t<\/div>\n\t\t\t\t<\/div>\n\t\t\t\t<\/div>\n\t\t\t\t<\/div>\n\t\t\t\t<\/div>\n\t\t<div class=\"elementor-element elementor-element-0cb7ade e-con-full e-flex e-con e-child\" data-id=\"0cb7ade\" data-element_type=\"container\">\n\t\t\t\t<div class=\"elementor-element elementor-element-7a02657 elementor-widget elementor-widget-heading\" data-id=\"7a02657\" data-element_type=\"widget\" data-widget_type=\"heading.default\">\n\t\t\t\t<div class=\"elementor-widget-container\">\n\t\t\t\t\t<h2 class=\"elementor-heading-title elementor-size-default\">Unternehmensveranstaltungen<\/h2>\t\t\t\t<\/div>\n\t\t\t\t<\/div>\n\t\t\t\t<div class=\"elementor-element elementor-element-7cbf8e0 elementor-widget elementor-widget-text-editor\" data-id=\"7cbf8e0\" data-element_type=\"widget\" data-widget_type=\"text-editor.default\">\n\t\t\t\t<div class=\"elementor-widget-container\">\n\t\t\t\t\t\t\t\t\t<p>Wenn Sie eine Unternehmensveranstaltung oder eine Konferenz planen, ist Graziani Viaggi f\u00fcr Sie da. Unsere Busse k\u00f6nnen Gruppen von Mitarbeitern, Kunden oder Gesch\u00e4ftspartnern effizient und komfortabel transportieren. Ob Sie ein Arbeitstreffen, ein Team-Building oder eine besondere Veranstaltung organisieren, wir sind bereit, Ihre Transportbed\u00fcrfnisse zu erf\u00fcllen.\u00a0<\/p>\t\t\t\t\t\t\t\t<\/div>\n\t\t\t\t<\/div>\n\t\t\t\t<div class=\"elementor-element elementor-element-e1eea8c elementor-widget elementor-widget-text-editor\" data-id=\"e1eea8c\" data-element_type=\"widget\" data-widget_type=\"text-editor.default\">\n\t\t\t\t<div class=\"elementor-widget-container\">\n\t\t\t\t\t\t\t\t\t<p>Verlassen Sie sich auf uns f\u00fcr einen professionellen und zuverl\u00e4ssigen Service, der zum Erfolg Ihrer Unternehmensveranstaltung beitr\u00e4gt.<\/p>\t\t\t\t\t\t\t\t<\/div>\n\t\t\t\t<\/div>\n\t\t\t\t<div class=\"elementor-element elementor-element-69f781a elementor-align-center elementor-widget elementor-widget-button\" data-id=\"69f781a\" data-element_type=\"widget\" data-widget_type=\"button.default\">\n\t\t\t\t<div class=\"elementor-widget-container\">\n\t\t\t\t\t\t\t\t\t<div class=\"elementor-button-wrapper\">\n\t\t\t\t\t<a class=\"elementor-button elementor-button-link elementor-size-sm\" href=\"https:\/\/prenota.grazianiviaggi.com\">\n\t\t\t\t\t\t<span class=\"elementor-button-content-wrapper\">\n\t\t\t\t\t\t\t\t\t<span class=\"elementor-button-text\">Buchen<\/span>\n\t\t\t\t\t<\/span>\n\t\t\t\t\t<\/a>\n\t\t\t\t<\/div>\n\t\t\t\t\t\t\t\t<\/div>\n\t\t\t\t<\/div>\n\t\t\t\t<\/div>\n\t\t\t\t<\/div>\n\t\t\t\t\t<\/div>\n\t\t\t\t<\/div>\n\t\t\t\t<\/div>","protected":false},"excerpt":{"rendered":"<p>Servizi I nostri servizi Tour Nazionali Trasferimenti Europei Gite Scolastiche Eventi Aziendali Eventi Aziendali Se stai pianificando un evento aziendale o una conferenza, Graziani Viaggi \u00e8 qui per te. I nostri autobus possono trasportare gruppi di dipendenti, clienti o partner aziendali in modo efficiente e confortevole. Sia che tu stia organizzando una riunione di lavoro, [&hellip;]<\/p>","protected":false},"author":1,"featured_media":0,"parent":0,"menu_order":0,"comment_status":"closed","ping_status":"closed","template":"","meta":{"_monsterinsights_skip_tracking":false,"_monsterinsights_sitenote_active":false,"_monsterinsights_sitenote_note":"","_monsterinsights_sitenote_category":0,"footnotes":""},"class_list":["post-158","page","type-page","status-publish","hentry"],"_links":{"self":[{"href":"https:\/\/www.grazianiviaggi.com\/de\/wp-json\/wp\/v2\/pages\/158","targetHints":{"allow":["GET"]}}],"collection":[{"href":"https:\/\/www.grazianiviaggi.com\/de\/wp-json\/wp\/v2\/pages"}],"about":[{"href":"https:\/\/www.grazianiviaggi.com\/de\/wp-json\/wp\/v2\/types\/page"}],"author":[{"embeddable":true,"href":"https:\/\/www.grazianiviaggi.com\/de\/wp-json\/wp\/v2\/users\/1"}],"replies":[{"embeddable":true,"href":"https:\/\/www.grazianiviaggi.com\/de\/wp-json\/wp\/v2\/comments?post=158"}],"version-history":[{"count":13,"href":"https:\/\/www.grazianiviaggi.com\/de\/wp-json\/wp\/v2\/pages\/158\/revisions"}],"predecessor-version":[{"id":358,"href":"https:\/\/www.grazianiviaggi.com\/de\/wp-json\/wp\/v2\/pages\/158\/revisions\/358"}],"wp:attachment":[{"href":"https:\/\/www.grazianiviaggi.com\/de\/wp-json\/wp\/v2\/media?parent=158"}],"curies":[{"name":"wp","href":"https:\/\/api.w.org\/{rel}","templated":true}]}}