{"id":119,"date":"2024-12-14T16:31:45","date_gmt":"2024-12-14T16:31:45","guid":{"rendered":"https:\/\/www.grazianiviaggi.com\/?page_id=119"},"modified":"2025-01-04T11:26:37","modified_gmt":"2025-01-04T11:26:37","slug":"gite-scolastiche","status":"publish","type":"page","link":"https:\/\/www.grazianiviaggi.com\/fr\/gite-scolastiche\/","title":{"rendered":"Sorties scolaires"},"content":{"rendered":"<div data-elementor-type=\"wp-page\" data-elementor-id=\"119\" class=\"elementor elementor-119\" data-elementor-post-type=\"page\">\n\t\t\t\t<div class=\"elementor-element elementor-element-ce0a15b e-flex e-con-boxed e-con e-parent\" data-id=\"ce0a15b\" data-element_type=\"container\" data-settings=\"{&quot;background_background&quot;:&quot;classic&quot;}\">\n\t\t\t\t\t<div class=\"e-con-inner\">\n\t\t\t\t<div class=\"elementor-element elementor-element-7c2d02a elementor-widget elementor-widget-heading\" data-id=\"7c2d02a\" data-element_type=\"widget\" data-widget_type=\"heading.default\">\n\t\t\t\t<div class=\"elementor-widget-container\">\n\t\t\t\t\t<h1 class=\"elementor-heading-title elementor-size-default\">Services<\/h1>\t\t\t\t<\/div>\n\t\t\t\t<\/div>\n\t\t\t\t\t<\/div>\n\t\t\t\t<\/div>\n\t\t<div class=\"elementor-element elementor-element-ca40c0d e-flex e-con-boxed e-con e-parent\" data-id=\"ca40c0d\" data-element_type=\"container\">\n\t\t\t\t\t<div class=\"e-con-inner\">\n\t\t<div class=\"elementor-element elementor-element-eb0d7fb e-grid e-con-full e-con e-child\" data-id=\"eb0d7fb\" data-element_type=\"container\">\n\t\t<div class=\"elementor-element elementor-element-e6a7880 e-con-full e-flex e-con e-child\" data-id=\"e6a7880\" data-element_type=\"container\">\n\t\t<div class=\"elementor-element elementor-element-4cff511 e-con-full e-flex e-con e-child\" data-id=\"4cff511\" data-element_type=\"container\" data-settings=\"{&quot;background_background&quot;:&quot;classic&quot;,&quot;sticky&quot;:&quot;top&quot;,&quot;sticky_offset&quot;:100,&quot;sticky_parent&quot;:&quot;yes&quot;,&quot;sticky_on&quot;:[&quot;desktop&quot;,&quot;tablet&quot;,&quot;mobile&quot;],&quot;sticky_effects_offset&quot;:0,&quot;sticky_anchor_link_offset&quot;:0}\">\n\t\t<div class=\"elementor-element elementor-element-be73a46 e-con-full e-flex e-con e-child\" data-id=\"be73a46\" data-element_type=\"container\">\n\t\t\t\t<div class=\"elementor-element elementor-element-ee8d8fc elementor-widget elementor-widget-heading\" data-id=\"ee8d8fc\" data-element_type=\"widget\" data-widget_type=\"heading.default\">\n\t\t\t\t<div class=\"elementor-widget-container\">\n\t\t\t\t\t<h3 class=\"elementor-heading-title elementor-size-default\">I nostri servizi<\/h3>\t\t\t\t<\/div>\n\t\t\t\t<\/div>\n\t\t<div class=\"elementor-element elementor-element-1bee3eb e-con-full e-flex e-con e-child\" data-id=\"1bee3eb\" data-element_type=\"container\">\n\t\t\t\t<div class=\"elementor-element elementor-element-ae272be elementor-widget elementor-widget-text-editor\" data-id=\"ae272be\" data-element_type=\"widget\" data-widget_type=\"text-editor.default\">\n\t\t\t\t<div class=\"elementor-widget-container\">\n\t\t\t\t\t\t\t\t\t<p><a href=\"\/fr\/tour-nazionali\/\">Circuits nationaux<\/a><\/p>\t\t\t\t\t\t\t\t<\/div>\n\t\t\t\t<\/div>\n\t\t\t\t<div class=\"elementor-element elementor-element-ccf509a elementor-widget-divider--view-line elementor-widget elementor-widget-divider\" data-id=\"ccf509a\" data-element_type=\"widget\" data-widget_type=\"divider.default\">\n\t\t\t\t<div class=\"elementor-widget-container\">\n\t\t\t\t\t\t\t<div class=\"elementor-divider\">\n\t\t\t<span class=\"elementor-divider-separator\">\n\t\t\t\t\t\t<\/span>\n\t\t<\/div>\n\t\t\t\t\t\t<\/div>\n\t\t\t\t<\/div>\n\t\t\t\t<div class=\"elementor-element elementor-element-0b449d6 elementor-widget elementor-widget-text-editor\" data-id=\"0b449d6\" data-element_type=\"widget\" data-widget_type=\"text-editor.default\">\n\t\t\t\t<div class=\"elementor-widget-container\">\n\t\t\t\t\t\t\t\t\t<p><a href=\"\/fr\/trasferimenti-europei\/\">Transferts europ\u00e9ens<\/a><\/p>\t\t\t\t\t\t\t\t<\/div>\n\t\t\t\t<\/div>\n\t\t\t\t<div class=\"elementor-element elementor-element-8c778b9 elementor-widget-divider--view-line elementor-widget elementor-widget-divider\" data-id=\"8c778b9\" data-element_type=\"widget\" data-widget_type=\"divider.default\">\n\t\t\t\t<div class=\"elementor-widget-container\">\n\t\t\t\t\t\t\t<div class=\"elementor-divider\">\n\t\t\t<span class=\"elementor-divider-separator\">\n\t\t\t\t\t\t<\/span>\n\t\t<\/div>\n\t\t\t\t\t\t<\/div>\n\t\t\t\t<\/div>\n\t\t\t\t<div class=\"elementor-element elementor-element-019a0b2 elementor-icon-list--layout-traditional elementor-list-item-link-full_width elementor-widget elementor-widget-icon-list\" data-id=\"019a0b2\" data-element_type=\"widget\" data-widget_type=\"icon-list.default\">\n\t\t\t\t<div class=\"elementor-widget-container\">\n\t\t\t\t\t\t\t<ul class=\"elementor-icon-list-items\">\n\t\t\t\t\t\t\t<li class=\"elementor-icon-list-item\">\n\t\t\t\t\t\t\t\t\t\t\t<a href=\"\/fr\/gite-scolastiche\/\">\n\n\t\t\t\t\t\t\t\t\t\t\t\t<span class=\"elementor-icon-list-icon\">\n\t\t\t\t\t\t\t<svg xmlns=\"http:\/\/www.w3.org\/2000\/svg\" width=\"10\" height=\"16\" viewbox=\"0 0 10 16\" fill=\"none\"><path fill-rule=\"evenodd\" clip-rule=\"evenodd\" d=\"M0 14.6666C0 15.2059 0.324851 15.6921 0.823088 15.8985C1.32131 16.1049 1.8948 15.9907 2.27612 15.6094L8.94274 8.94278C9.4634 8.42212 9.4634 7.57786 8.94274 7.05719L2.27612 0.390558C1.8948 0.00922729 1.32131 -0.104839 0.823088 0.101533C0.324851 0.307905 0 0.794089 0 1.33336V14.6666Z\" fill=\"#F4C102\"><\/path><\/svg>\t\t\t\t\t\t<\/span>\n\t\t\t\t\t\t\t\t\t\t<span class=\"elementor-icon-list-text\">Sorties scolaires<\/span>\n\t\t\t\t\t\t\t\t\t\t\t<\/a>\n\t\t\t\t\t\t\t\t\t<\/li>\n\t\t\t\t\t\t<\/ul>\n\t\t\t\t\t\t<\/div>\n\t\t\t\t<\/div>\n\t\t\t\t<div class=\"elementor-element elementor-element-38894e4 elementor-widget-divider--view-line elementor-widget elementor-widget-divider\" data-id=\"38894e4\" data-element_type=\"widget\" data-widget_type=\"divider.default\">\n\t\t\t\t<div class=\"elementor-widget-container\">\n\t\t\t\t\t\t\t<div class=\"elementor-divider\">\n\t\t\t<span class=\"elementor-divider-separator\">\n\t\t\t\t\t\t<\/span>\n\t\t<\/div>\n\t\t\t\t\t\t<\/div>\n\t\t\t\t<\/div>\n\t\t\t\t<div class=\"elementor-element elementor-element-7adf183 elementor-widget elementor-widget-text-editor\" data-id=\"7adf183\" data-element_type=\"widget\" data-widget_type=\"text-editor.default\">\n\t\t\t\t<div class=\"elementor-widget-container\">\n\t\t\t\t\t\t\t\t\t<p><a href=\"\/fr\/eventi-aziendali\/\">\u00c9v\u00e9nements d'entreprise<\/a><\/p>\t\t\t\t\t\t\t\t<\/div>\n\t\t\t\t<\/div>\n\t\t\t\t<\/div>\n\t\t\t\t<\/div>\n\t\t\t\t<\/div>\n\t\t\t\t<\/div>\n\t\t<div class=\"elementor-element elementor-element-6c26703 e-con-full e-flex e-con e-child\" data-id=\"6c26703\" data-element_type=\"container\">\n\t\t\t\t<div class=\"elementor-element elementor-element-2f9f876 elementor-widget elementor-widget-heading\" data-id=\"2f9f876\" data-element_type=\"widget\" data-widget_type=\"heading.default\">\n\t\t\t\t<div class=\"elementor-widget-container\">\n\t\t\t\t\t<h2 class=\"elementor-heading-title elementor-size-default\">Sorties scolaires<\/h2>\t\t\t\t<\/div>\n\t\t\t\t<\/div>\n\t\t\t\t<div class=\"elementor-element elementor-element-76ded16 elementor-widget elementor-widget-text-editor\" data-id=\"76ded16\" data-element_type=\"widget\" data-widget_type=\"text-editor.default\">\n\t\t\t\t<div class=\"elementor-widget-container\">\n\t\t\t\t\t\t\t\t\t<p>Pour les \u00e9coles et les \u00e9tablissements \u00e9ducatifs, Graziani Viaggi met \u00e0 disposition des autobus sur mesure pour les sorties scolaires. Nos v\u00e9hicules sont \u00e9quip\u00e9s de confort et de s\u00e9curit\u00e9 pour garantir un voyage agr\u00e9able aux \u00e9l\u00e8ves et aux enseignants. Nous organisons des visites de mus\u00e9es, des excursions en nature et d'autres activit\u00e9s \u00e9ducatives. Les sorties scolaires avec nous sont une occasion d'apprendre et de s'amuser ensemble.<\/p>\t\t\t\t\t\t\t\t<\/div>\n\t\t\t\t<\/div>\n\t\t\t\t<div class=\"elementor-element elementor-element-cb888a5 elementor-widget elementor-widget-text-editor\" data-id=\"cb888a5\" data-element_type=\"widget\" data-widget_type=\"text-editor.default\">\n\t\t\t\t<div class=\"elementor-widget-container\">\n\t\t\t\t\t\t\t\t\t<p>Affidati a noi per un servizio di trasporto di qualit\u00e0 che rende ogni gita un\u2019esperienza formativa e piacevole.<\/p>\t\t\t\t\t\t\t\t<\/div>\n\t\t\t\t<\/div>\n\t\t\t\t<div class=\"elementor-element elementor-element-61af775 elementor-align-center elementor-widget elementor-widget-button\" data-id=\"61af775\" data-element_type=\"widget\" data-widget_type=\"button.default\">\n\t\t\t\t<div class=\"elementor-widget-container\">\n\t\t\t\t\t\t\t\t\t<div class=\"elementor-button-wrapper\">\n\t\t\t\t\t<a class=\"elementor-button elementor-button-link elementor-size-sm\" href=\"https:\/\/prenota.grazianiviaggi.com\">\n\t\t\t\t\t\t<span class=\"elementor-button-content-wrapper\">\n\t\t\t\t\t\t\t\t\t<span class=\"elementor-button-text\">R\u00e9server<\/span>\n\t\t\t\t\t<\/span>\n\t\t\t\t\t<\/a>\n\t\t\t\t<\/div>\n\t\t\t\t\t\t\t\t<\/div>\n\t\t\t\t<\/div>\n\t\t\t\t<\/div>\n\t\t\t\t<\/div>\n\t\t\t\t\t<\/div>\n\t\t\t\t<\/div>\n\t\t\t\t<\/div>","protected":false},"excerpt":{"rendered":"<p>Servizi I nostri servizi Tour Nazionali Trasferimenti Europei Gite Scolastiche Eventi Aziendali Gite Scolastiche Per le scuole e gli istituti educativi, Graziani Viaggi mette a disposizione autobus su misura per le gite scolastiche. I nostri veicoli sono dotati di comfort e sicurezza per garantire un viaggio piacevole agli studenti e agli insegnanti. Organizziamo visite ai [&hellip;]<\/p>","protected":false},"author":1,"featured_media":0,"parent":0,"menu_order":0,"comment_status":"closed","ping_status":"closed","template":"","meta":{"_monsterinsights_skip_tracking":false,"_monsterinsights_sitenote_active":false,"_monsterinsights_sitenote_note":"","_monsterinsights_sitenote_category":0,"footnotes":""},"class_list":["post-119","page","type-page","status-publish","hentry"],"_links":{"self":[{"href":"https:\/\/www.grazianiviaggi.com\/fr\/wp-json\/wp\/v2\/pages\/119","targetHints":{"allow":["GET"]}}],"collection":[{"href":"https:\/\/www.grazianiviaggi.com\/fr\/wp-json\/wp\/v2\/pages"}],"about":[{"href":"https:\/\/www.grazianiviaggi.com\/fr\/wp-json\/wp\/v2\/types\/page"}],"author":[{"embeddable":true,"href":"https:\/\/www.grazianiviaggi.com\/fr\/wp-json\/wp\/v2\/users\/1"}],"replies":[{"embeddable":true,"href":"https:\/\/www.grazianiviaggi.com\/fr\/wp-json\/wp\/v2\/comments?post=119"}],"version-history":[{"count":16,"href":"https:\/\/www.grazianiviaggi.com\/fr\/wp-json\/wp\/v2\/pages\/119\/revisions"}],"predecessor-version":[{"id":354,"href":"https:\/\/www.grazianiviaggi.com\/fr\/wp-json\/wp\/v2\/pages\/119\/revisions\/354"}],"wp:attachment":[{"href":"https:\/\/www.grazianiviaggi.com\/fr\/wp-json\/wp\/v2\/media?parent=119"}],"curies":[{"name":"wp","href":"https:\/\/api.w.org\/{rel}","templated":true}]}}