{"id":86,"date":"2024-12-14T12:07:58","date_gmt":"2024-12-14T12:07:58","guid":{"rendered":"https:\/\/www.grazianiviaggi.com\/?page_id=86"},"modified":"2025-01-03T15:52:27","modified_gmt":"2025-01-03T15:52:27","slug":"tour-nazionali","status":"publish","type":"page","link":"https:\/\/www.grazianiviaggi.com\/fr\/tour-nazionali\/","title":{"rendered":"Circuits nationaux"},"content":{"rendered":"<div data-elementor-type=\"wp-page\" data-elementor-id=\"86\" class=\"elementor elementor-86\" data-elementor-post-type=\"page\">\n\t\t\t\t<div class=\"elementor-element elementor-element-ace9632 e-flex e-con-boxed e-con e-parent\" data-id=\"ace9632\" data-element_type=\"container\" data-settings=\"{&quot;background_background&quot;:&quot;classic&quot;}\">\n\t\t\t\t\t<div class=\"e-con-inner\">\n\t\t\t\t<div class=\"elementor-element elementor-element-3c743c0 elementor-widget elementor-widget-heading\" data-id=\"3c743c0\" data-element_type=\"widget\" data-widget_type=\"heading.default\">\n\t\t\t\t<div class=\"elementor-widget-container\">\n\t\t\t\t\t<h1 class=\"elementor-heading-title elementor-size-default\">Services<\/h1>\t\t\t\t<\/div>\n\t\t\t\t<\/div>\n\t\t\t\t\t<\/div>\n\t\t\t\t<\/div>\n\t\t<div class=\"elementor-element elementor-element-ff37139 e-flex e-con-boxed e-con e-parent\" data-id=\"ff37139\" data-element_type=\"container\">\n\t\t\t\t\t<div class=\"e-con-inner\">\n\t\t<div class=\"elementor-element elementor-element-0e9f376 e-grid e-con-full e-con e-child\" data-id=\"0e9f376\" data-element_type=\"container\">\n\t\t<div class=\"elementor-element elementor-element-c5e20ce e-con-full e-flex e-con e-child\" data-id=\"c5e20ce\" data-element_type=\"container\">\n\t\t<div class=\"elementor-element elementor-element-7e62269 e-con-full e-flex e-con e-child\" data-id=\"7e62269\" data-element_type=\"container\" data-settings=\"{&quot;background_background&quot;:&quot;classic&quot;,&quot;sticky&quot;:&quot;top&quot;,&quot;sticky_offset&quot;:100,&quot;sticky_parent&quot;:&quot;yes&quot;,&quot;sticky_on&quot;:[&quot;desktop&quot;,&quot;tablet&quot;,&quot;mobile&quot;],&quot;sticky_effects_offset&quot;:0,&quot;sticky_anchor_link_offset&quot;:0}\">\n\t\t<div class=\"elementor-element elementor-element-6b6757a e-con-full e-flex e-con e-child\" data-id=\"6b6757a\" data-element_type=\"container\">\n\t\t\t\t<div class=\"elementor-element elementor-element-09276a4 elementor-widget elementor-widget-heading\" data-id=\"09276a4\" data-element_type=\"widget\" data-widget_type=\"heading.default\">\n\t\t\t\t<div class=\"elementor-widget-container\">\n\t\t\t\t\t<h3 class=\"elementor-heading-title elementor-size-default\">I nostri servizi<\/h3>\t\t\t\t<\/div>\n\t\t\t\t<\/div>\n\t\t<div class=\"elementor-element elementor-element-0988fb6 e-con-full e-flex e-con e-child\" data-id=\"0988fb6\" data-element_type=\"container\">\n\t\t\t\t<div class=\"elementor-element elementor-element-d1821f9 elementor-icon-list--layout-traditional elementor-list-item-link-full_width elementor-widget elementor-widget-icon-list\" data-id=\"d1821f9\" data-element_type=\"widget\" data-widget_type=\"icon-list.default\">\n\t\t\t\t<div class=\"elementor-widget-container\">\n\t\t\t\t\t\t\t<ul class=\"elementor-icon-list-items\">\n\t\t\t\t\t\t\t<li class=\"elementor-icon-list-item\">\n\t\t\t\t\t\t\t\t\t\t\t<a href=\"\/fr\/tour-nazionali\/\">\n\n\t\t\t\t\t\t\t\t\t\t\t\t<span class=\"elementor-icon-list-icon\">\n\t\t\t\t\t\t\t<svg xmlns=\"http:\/\/www.w3.org\/2000\/svg\" width=\"10\" height=\"16\" viewbox=\"0 0 10 16\" fill=\"none\"><path fill-rule=\"evenodd\" clip-rule=\"evenodd\" d=\"M0 14.6666C0 15.2059 0.324851 15.6921 0.823088 15.8985C1.32131 16.1049 1.8948 15.9907 2.27612 15.6094L8.94274 8.94278C9.4634 8.42212 9.4634 7.57786 8.94274 7.05719L2.27612 0.390558C1.8948 0.00922729 1.32131 -0.104839 0.823088 0.101533C0.324851 0.307905 0 0.794089 0 1.33336V14.6666Z\" fill=\"#F4C102\"><\/path><\/svg>\t\t\t\t\t\t<\/span>\n\t\t\t\t\t\t\t\t\t\t<span class=\"elementor-icon-list-text\">Circuits nationaux<\/span>\n\t\t\t\t\t\t\t\t\t\t\t<\/a>\n\t\t\t\t\t\t\t\t\t<\/li>\n\t\t\t\t\t\t<\/ul>\n\t\t\t\t\t\t<\/div>\n\t\t\t\t<\/div>\n\t\t\t\t<div class=\"elementor-element elementor-element-c8fb909 elementor-widget-divider--view-line elementor-widget elementor-widget-divider\" data-id=\"c8fb909\" data-element_type=\"widget\" data-widget_type=\"divider.default\">\n\t\t\t\t<div class=\"elementor-widget-container\">\n\t\t\t\t\t\t\t<div class=\"elementor-divider\">\n\t\t\t<span class=\"elementor-divider-separator\">\n\t\t\t\t\t\t<\/span>\n\t\t<\/div>\n\t\t\t\t\t\t<\/div>\n\t\t\t\t<\/div>\n\t\t\t\t<div class=\"elementor-element elementor-element-2863fa4 elementor-widget elementor-widget-text-editor\" data-id=\"2863fa4\" data-element_type=\"widget\" data-widget_type=\"text-editor.default\">\n\t\t\t\t<div class=\"elementor-widget-container\">\n\t\t\t\t\t\t\t\t\t<p><a href=\"\/fr\/trasferimenti-europei\/\">Transferts europ\u00e9ens<\/a><\/p>\t\t\t\t\t\t\t\t<\/div>\n\t\t\t\t<\/div>\n\t\t\t\t<div class=\"elementor-element elementor-element-e85d37a elementor-widget-divider--view-line elementor-widget elementor-widget-divider\" data-id=\"e85d37a\" data-element_type=\"widget\" data-widget_type=\"divider.default\">\n\t\t\t\t<div class=\"elementor-widget-container\">\n\t\t\t\t\t\t\t<div class=\"elementor-divider\">\n\t\t\t<span class=\"elementor-divider-separator\">\n\t\t\t\t\t\t<\/span>\n\t\t<\/div>\n\t\t\t\t\t\t<\/div>\n\t\t\t\t<\/div>\n\t\t\t\t<div class=\"elementor-element elementor-element-c91f62d elementor-widget elementor-widget-text-editor\" data-id=\"c91f62d\" data-element_type=\"widget\" data-widget_type=\"text-editor.default\">\n\t\t\t\t<div class=\"elementor-widget-container\">\n\t\t\t\t\t\t\t\t\t<p><a href=\"\/fr\/gite-scolastiche\/\">Sorties scolaires<\/a><\/p>\t\t\t\t\t\t\t\t<\/div>\n\t\t\t\t<\/div>\n\t\t\t\t<div class=\"elementor-element elementor-element-3cd3fff elementor-widget-divider--view-line elementor-widget elementor-widget-divider\" data-id=\"3cd3fff\" data-element_type=\"widget\" data-widget_type=\"divider.default\">\n\t\t\t\t<div class=\"elementor-widget-container\">\n\t\t\t\t\t\t\t<div class=\"elementor-divider\">\n\t\t\t<span class=\"elementor-divider-separator\">\n\t\t\t\t\t\t<\/span>\n\t\t<\/div>\n\t\t\t\t\t\t<\/div>\n\t\t\t\t<\/div>\n\t\t\t\t<div class=\"elementor-element elementor-element-f185af1 elementor-widget elementor-widget-text-editor\" data-id=\"f185af1\" data-element_type=\"widget\" data-widget_type=\"text-editor.default\">\n\t\t\t\t<div class=\"elementor-widget-container\">\n\t\t\t\t\t\t\t\t\t<p><a href=\"\/fr\/eventi-aziendali\/\">\u00c9v\u00e9nements d'entreprise<\/a><\/p>\t\t\t\t\t\t\t\t<\/div>\n\t\t\t\t<\/div>\n\t\t\t\t<\/div>\n\t\t\t\t<\/div>\n\t\t\t\t<\/div>\n\t\t\t\t<\/div>\n\t\t<div class=\"elementor-element elementor-element-0f77e49 e-con-full e-flex e-con e-child\" data-id=\"0f77e49\" data-element_type=\"container\">\n\t\t\t\t<div class=\"elementor-element elementor-element-ac534ee elementor-widget elementor-widget-heading\" data-id=\"ac534ee\" data-element_type=\"widget\" data-widget_type=\"heading.default\">\n\t\t\t\t<div class=\"elementor-widget-container\">\n\t\t\t\t\t<h2 class=\"elementor-heading-title elementor-size-default\">Circuits nationaux<\/h2>\t\t\t\t<\/div>\n\t\t\t\t<\/div>\n\t\t\t\t<div class=\"elementor-element elementor-element-a2d4f57 elementor-widget elementor-widget-text-editor\" data-id=\"a2d4f57\" data-element_type=\"widget\" data-widget_type=\"text-editor.default\">\n\t\t\t\t<div class=\"elementor-widget-container\">\n\t\t\t\t\t\t\t\t\t<p>Nos circuits nationaux sont une occasion d'explorer les merveilles de l'Italie de mani\u00e8re relaxante et confortable. Graziani Viaggi propose un service de location de bus avec chauffeur, vous permettant de vous concentrer sur les beaut\u00e9s de notre pays sans vous soucier de la conduite. Nos autobus sont \u00e9quip\u00e9s de si\u00e8ges confortables, de la climatisation et d'un espace pour les bagages. Des panoramas \u00e0 couper le souffle des Cinque Terre aux anciennes ruines de Pomp\u00e9i, nos circuits sont con\u00e7us pour vous faire vivre des exp\u00e9riences inoubliables.<\/p>\t\t\t\t\t\t\t\t<\/div>\n\t\t\t\t<\/div>\n\t\t\t\t<div class=\"elementor-element elementor-element-1e47baf elementor-widget elementor-widget-text-editor\" data-id=\"1e47baf\" data-element_type=\"widget\" data-widget_type=\"text-editor.default\">\n\t\t\t\t<div class=\"elementor-widget-container\">\n\t\t\t\t\t\t\t\t\t<p>Nous sommes votre compagnon de voyage id\u00e9al pour explorer des villes historiques, des sites culturels et des paysages uniques.<\/p>\t\t\t\t\t\t\t\t<\/div>\n\t\t\t\t<\/div>\n\t\t<div class=\"elementor-element elementor-element-61c9ec7 e-grid e-con-full e-con e-child\" data-id=\"61c9ec7\" data-element_type=\"container\">\n\t\t<div class=\"elementor-element elementor-element-601bf7f e-con-full e-flex e-con e-child\" data-id=\"601bf7f\" data-element_type=\"container\">\n\t\t<div class=\"elementor-element elementor-element-89d5c80 e-con-full e-flex e-con e-child\" data-id=\"89d5c80\" data-element_type=\"container\" data-settings=\"{&quot;background_background&quot;:&quot;classic&quot;}\">\n\t\t\t\t<\/div>\n\t\t<div class=\"elementor-element elementor-element-db7cfb5 e-con-full e-flex e-con e-child\" data-id=\"db7cfb5\" data-element_type=\"container\" data-settings=\"{&quot;background_background&quot;:&quot;classic&quot;}\">\n\t\t\t\t<\/div>\n\t\t\t\t<\/div>\n\t\t<div class=\"elementor-element elementor-element-f4839a8 e-con-full e-flex e-con e-child\" data-id=\"f4839a8\" data-element_type=\"container\">\n\t\t<div class=\"elementor-element elementor-element-7a941d6 e-con-full e-flex e-con e-child\" data-id=\"7a941d6\" data-element_type=\"container\" data-settings=\"{&quot;background_background&quot;:&quot;classic&quot;}\">\n\t\t\t\t<\/div>\n\t\t<div class=\"elementor-element elementor-element-e5e3fd4 e-con-full e-flex e-con e-child\" data-id=\"e5e3fd4\" data-element_type=\"container\" data-settings=\"{&quot;background_background&quot;:&quot;classic&quot;}\">\n\t\t\t\t<\/div>\n\t\t\t\t<\/div>\n\t\t\t\t<\/div>\n\t\t\t\t<div class=\"elementor-element elementor-element-6aeae3f elementor-align-center elementor-widget elementor-widget-button\" data-id=\"6aeae3f\" data-element_type=\"widget\" data-widget_type=\"button.default\">\n\t\t\t\t<div class=\"elementor-widget-container\">\n\t\t\t\t\t\t\t\t\t<div class=\"elementor-button-wrapper\">\n\t\t\t\t\t<a class=\"elementor-button elementor-button-link elementor-size-sm\" href=\"https:\/\/prenota.grazianiviaggi.com\">\n\t\t\t\t\t\t<span class=\"elementor-button-content-wrapper\">\n\t\t\t\t\t\t\t\t\t<span class=\"elementor-button-text\">R\u00e9server<\/span>\n\t\t\t\t\t<\/span>\n\t\t\t\t\t<\/a>\n\t\t\t\t<\/div>\n\t\t\t\t\t\t\t\t<\/div>\n\t\t\t\t<\/div>\n\t\t\t\t<\/div>\n\t\t\t\t<\/div>\n\t\t\t\t\t<\/div>\n\t\t\t\t<\/div>\n\t\t\t\t<\/div>","protected":false},"excerpt":{"rendered":"<p>Servizi I nostri servizi Tour Nazionali Trasferimenti Europei Gite Scolastiche Eventi Aziendali Tour Nazionali I nostri tour nazionali sono un\u2019opportunit\u00e0 per esplorare le meraviglie d\u2019Italia in modo rilassante e confortevole. Graziani Viaggi ti offre un servizio di noleggio bus con conducente che ti permette di concentrarti sulle bellezze del nostro paese senza preoccuparti della guida. [&hellip;]<\/p>","protected":false},"author":1,"featured_media":0,"parent":0,"menu_order":0,"comment_status":"closed","ping_status":"closed","template":"","meta":{"_monsterinsights_skip_tracking":false,"_monsterinsights_sitenote_active":false,"_monsterinsights_sitenote_note":"","_monsterinsights_sitenote_category":0,"footnotes":""},"class_list":["post-86","page","type-page","status-publish","hentry"],"_links":{"self":[{"href":"https:\/\/www.grazianiviaggi.com\/fr\/wp-json\/wp\/v2\/pages\/86","targetHints":{"allow":["GET"]}}],"collection":[{"href":"https:\/\/www.grazianiviaggi.com\/fr\/wp-json\/wp\/v2\/pages"}],"about":[{"href":"https:\/\/www.grazianiviaggi.com\/fr\/wp-json\/wp\/v2\/types\/page"}],"author":[{"embeddable":true,"href":"https:\/\/www.grazianiviaggi.com\/fr\/wp-json\/wp\/v2\/users\/1"}],"replies":[{"embeddable":true,"href":"https:\/\/www.grazianiviaggi.com\/fr\/wp-json\/wp\/v2\/comments?post=86"}],"version-history":[{"count":49,"href":"https:\/\/www.grazianiviaggi.com\/fr\/wp-json\/wp\/v2\/pages\/86\/revisions"}],"predecessor-version":[{"id":311,"href":"https:\/\/www.grazianiviaggi.com\/fr\/wp-json\/wp\/v2\/pages\/86\/revisions\/311"}],"wp:attachment":[{"href":"https:\/\/www.grazianiviaggi.com\/fr\/wp-json\/wp\/v2\/media?parent=86"}],"curies":[{"name":"wp","href":"https:\/\/api.w.org\/{rel}","templated":true}]}}